{"id":2,"date":"2022-05-14T23:20:16","date_gmt":"2022-05-14T21:20:16","guid":{"rendered":"https:\/\/mouffetardsaigon.fr\/?page_id=2"},"modified":"2024-02-12T23:36:38","modified_gmt":"2024-02-12T22:36:38","slug":"home","status":"publish","type":"page","link":"https:\/\/mouffetardsaigon.fr\/","title":{"rendered":"Home"},"content":{"rendered":"<div  class=\"tatsu-rkrL6n0Ic tatsu-section  tatsu-fullscreen tatsu-bg-overlay   tatsu-clearfix\" data-title=\"\"  data-headerscheme=\"background--dark\"><div class=\"tatsu-fullscreen-wrap\"><div class='tatsu-section-pad clearfix' data-padding='{\"d\":\"120px 0px 120px 0px \"}' data-padding-top='120px'><div class=\"tatsu-row-wrap  tatsu-wrap tatsu-row-one-col tatsu-row-has-one-cols tatsu-medium-gutter tatsu-reg-cols  tatsu-clearfix tatsu-H1gHI63R85\" ><div  class=\"tatsu-row \" ><div  class=\"tatsu-column  tatsu-column-no-bg tatsu-one-col tatsu-column-image-none tatsu-column-effect-none  tatsu-rkZBIT2CU5\"  data-parallax-speed=\"0\" style=\"\"><div class=\"tatsu-column-inner \" ><div class=\"tatsu-column-pad-wrap\"><div class=\"tatsu-column-pad\" ><div  class=\"tatsu-module tatsu-text-block-wrap tatsu-B1oJY6RIq  \"><div class=\"tatsu-text-inner tatsu-align-center  clearfix\" ><style>.tatsu-B1oJY6RIq.tatsu-text-block-wrap .tatsu-text-inner{width: 100%;text-align: center;}.tatsu-B1oJY6RIq.tatsu-text-block-wrap .tatsu-text-inner *{font-family : \"Alegreya\",-apple-system,BlinkMacSystemFont,'Segoe UI',Roboto,Oxygen-Sans,Ubuntu,Cantarell,'Helvetica Neue',sans-serif;font-size : 47px;}<\/style>\n<h2 style=\"text-align: center;\"><em><span style=\"color: #ffffff;\"><span>\u00ab\u00a0Il n&rsquo;y a rien de tel qu&rsquo;un plat fait maison\u00a0\u00bb<\/span><\/span><\/em><\/h2>\n<\/div><\/div><\/div><\/div><div class = \"tatsu-column-bg-image-wrap\"><div class = \"tatsu-column-bg-image\" ><\/div><\/div><\/div><style>.tatsu-row > .tatsu-rkZBIT2CU5.tatsu-column{width: 100%;}.tatsu-rkZBIT2CU5.tatsu-column > .tatsu-column-inner > .tatsu-column-overlay{mix-blend-mode: none;}.tatsu-rkZBIT2CU5 > .tatsu-column-inner > .tatsu-top-divider{z-index: 9999;}.tatsu-rkZBIT2CU5 > .tatsu-column-inner > .tatsu-bottom-divider{z-index: 9999;}.tatsu-rkZBIT2CU5 > .tatsu-column-inner > .tatsu-left-divider{z-index: 9999;}.tatsu-rkZBIT2CU5 > .tatsu-column-inner > .tatsu-right-divider{z-index: 9999;}<\/style><\/div><\/div><\/div><\/div><div class=\"tatsu-section-background-wrap\"><div class = \"tatsu-section-background\" ><\/div><\/div><div class=\"tatsu-overlay tatsu-section-overlay\"><\/div><\/div><style>.tatsu-rkrL6n0Ic .tatsu-section-background{background-image: url(https:\/\/mouffetardsaigon.fr\/wp-content\/uploads\/2022\/05\/ingredientsHome-scaled.jpg);background-repeat: no-repeat;background-attachment: scroll;background-position: top left;background-size: cover;}.tatsu-rkrL6n0Ic .tatsu-bg-blur{background-repeat: no-repeat;background-attachment: scroll;background-position: top left;background-size: cover;}.tatsu-rkrL6n0Ic .tatsu-section-pad{padding: 120px 0px 120px 0px ;}.tatsu-rkrL6n0Ic > .tatsu-bottom-divider{z-index: 9999;}.tatsu-rkrL6n0Ic > .tatsu-top-divider{z-index: 9999;}.tatsu-rkrL6n0Ic .tatsu-section-overlay{background: rgba(155,155,155,1);mix-blend-mode: multiply;}.tatsu-rkrL6n0Ic .tatsu-fullscreen-wrap{align-items: center;}<\/style><\/div><div  class=\"tatsu-BkgaC30Uc tatsu-section    tatsu-clearfix\" data-title=\"\"  data-headerscheme=\"background--dark\"><div class='tatsu-section-pad clearfix' data-padding='{\"d\":\"90px 0px 90px 0px\"}' data-padding-top='90px'><div class=\"tatsu-row-wrap  tatsu-wrap tatsu-row-has-one-half tatsu-row-has-two-cols tatsu-medium-gutter tatsu-reg-cols  tatsu-clearfix tatsu-rJxe60hRU5\" ><div  class=\"tatsu-row \" ><div  class=\"tatsu-column  tatsu-column-no-bg tatsu-one-half tatsu-column-align-middle tatsu-column-image-none tatsu-column-effect-none  tatsu-rJWlT020U9\"  data-parallax-speed=\"0\" style=\"\"><div class=\"tatsu-column-inner \" ><div class=\"tatsu-column-pad-wrap\"><div class=\"tatsu-column-pad\" ><div  class=\"tatsu-single-image tatsu-module tatsu-external-image tatsu-Bkfl6ChA8c  \" ><div class=\"tatsu-single-image-inner \" style=\"\" ><div class = \"tatsu-single-image-padding-wrap\" style = \"\" ><\/div><img class = \"tatsu-gradient-border\" src = \"https:\/\/mouffetardsaigon.fr\/wp-content\/uploads\/2022\/05\/womenStory-scaled.jpg\" alt =\" \"  \/><\/div><style>.tatsu-Bkfl6ChA8c{margin: 0px 0px 0px 0px;}.tatsu-Bkfl6ChA8c .tatsu-single-image-inner{border-style: solid;max-width: 100%;}.tatsu-Bkfl6ChA8c.tatsu-single-image{transform: translate3d(0px,0px, 0);}<\/style><\/div><\/div><\/div><div class = \"tatsu-column-bg-image-wrap\"><div class = \"tatsu-column-bg-image\" ><\/div><\/div><\/div><style>.tatsu-row > .tatsu-rJWlT020U9.tatsu-column{width: 50%;}.tatsu-rJWlT020U9.tatsu-column > .tatsu-column-inner > .tatsu-column-overlay{mix-blend-mode: none;}.tatsu-rJWlT020U9 > .tatsu-column-inner > .tatsu-top-divider{z-index: 9999;}.tatsu-rJWlT020U9 > .tatsu-column-inner > .tatsu-bottom-divider{z-index: 9999;}.tatsu-rJWlT020U9 > .tatsu-column-inner > .tatsu-left-divider{z-index: 9999;}.tatsu-rJWlT020U9 > .tatsu-column-inner > .tatsu-right-divider{z-index: 9999;}@media only screen and (max-width: 767px) {.tatsu-row > .tatsu-rJWlT020U9.tatsu-column{width: 100%;}}<\/style><\/div><div  class=\"tatsu-column  tatsu-column-no-bg tatsu-one-half tatsu-column-align-middle tatsu-column-image-none tatsu-column-effect-none  tatsu-H17x6AhR8c\"  data-parallax-speed=\"0\" style=\"\"><div class=\"tatsu-column-inner \" ><div class=\"tatsu-column-pad-wrap\"><div class=\"tatsu-column-pad\" ><div  class=\"tatsu-module tatsu-inline-text clearfix tatsu-rkNgaRhAI5   \" ><style>.tatsu-rkNgaRhAI5 .tatsu-inline-text-inner{width: 100%;text-align: left;}<\/style><div class=\"tatsu-inline-text-inner tatsu-align-center\">\n<h4><span style=\"vertical-align: inherit;\"><span style=\"vertical-align: inherit;\">Chef K.<\/span><\/span><\/h4>\n<p><span style=\"vertical-align: inherit;\"><span style=\"vertical-align: inherit;\">Un chef cuisinier bas\u00e9 \u00e0 Paris, aimant cuisiner pour ses proches ainsi que pour ses amis.<\/span><\/span><\/p>\n<p><span style=\"vertical-align: inherit;\"><span style=\"vertical-align: inherit;\">Originaire du Vietnam, Chef K. a longtemps travaill\u00e9 dans les march\u00e9s, vendant ses produits \u00e0 bord de sa bicyclette de fortune. <\/span><span style=\"vertical-align: inherit;\">Elle arrive en France au d\u00e9but des ann\u00e9es 90. Malgr\u00e9 l&rsquo;adversit\u00e9, elle gravit petit \u00e0 petit les \u00e9chelons. <\/span><span style=\"vertical-align: inherit;\">De commis de cuisine \u00e0 entrepreneure, elle a r\u00e9ussi \u00e0 r\u00e9aliser son r\u00eave d&rsquo;ouvrir son propre restaurant dans la Ville Lumi\u00e8re. <\/span><span style=\"vertical-align: inherit;\">Son restaurant, le Mouffetard Saigon&rsquo;s propose des sp\u00e9cialit\u00e9s vietnamiennes savoureuses \u00e0 base d&rsquo;aliments frais.<\/span><\/span><\/p>\n<\/div><\/div><\/div><\/div><div class = \"tatsu-column-bg-image-wrap\"><div class = \"tatsu-column-bg-image\" ><\/div><\/div><\/div><style>.tatsu-row > .tatsu-H17x6AhR8c.tatsu-column{width: 50%;}.tatsu-H17x6AhR8c.tatsu-column > .tatsu-column-inner > .tatsu-column-overlay{mix-blend-mode: none;}.tatsu-H17x6AhR8c > .tatsu-column-inner > .tatsu-top-divider{z-index: 9999;}.tatsu-H17x6AhR8c > .tatsu-column-inner > .tatsu-bottom-divider{z-index: 9999;}.tatsu-H17x6AhR8c > .tatsu-column-inner > .tatsu-left-divider{z-index: 9999;}.tatsu-H17x6AhR8c > .tatsu-column-inner > .tatsu-right-divider{z-index: 9999;}@media only screen and (max-width: 767px) {.tatsu-row > .tatsu-H17x6AhR8c.tatsu-column{width: 100%;}}<\/style><\/div><\/div><\/div><\/div><div class=\"tatsu-section-background-wrap\"><div class = \"tatsu-section-background\" ><\/div><\/div><style>.tatsu-BkgaC30Uc.tatsu-section{background-color: rgba(255,255,255,1);}.tatsu-BkgaC30Uc .tatsu-section-pad{padding: 90px 0px 90px 0px;}.tatsu-BkgaC30Uc > .tatsu-bottom-divider{z-index: 9999;}.tatsu-BkgaC30Uc > .tatsu-top-divider{z-index: 9999;}<\/style><\/div><div  class=\"tatsu-BJujkTALq tatsu-section  tatsu-bg-overlay   tatsu-clearfix\" data-title=\"\"  data-headerscheme=\"background--light\"><div class='tatsu-section-pad clearfix' data-padding='{\"d\":\"90px 0% 90px 0%\"}' data-padding-top='90px'><div class=\"tatsu-row-wrap  tatsu-wrap tatsu-row-one-col tatsu-row-has-one-cols tatsu-medium-gutter tatsu-reg-cols  tatsu-clearfix tatsu-r1gOoJTAUq\" ><div  class=\"tatsu-row \" ><div  class=\"tatsu-column  tatsu-column-no-bg tatsu-one-col tatsu-column-image-none tatsu-column-effect-none  tatsu-SkWOsJaRI9\"  data-parallax-speed=\"0\" style=\"\"><div class=\"tatsu-column-inner \" ><div class=\"tatsu-column-pad-wrap\"><div class=\"tatsu-column-pad\" ><div  class=\"tatsu-module tatsu-text-block-wrap tatsu-H1EcuT0Lq  \"><div class=\"tatsu-text-inner tatsu-align-center  clearfix\" ><style>.tatsu-H1EcuT0Lq.tatsu-text-block-wrap .tatsu-text-inner{width: 100%;text-align: center;color: rgba(255,255,255,1) ;}.tatsu-H1EcuT0Lq .tatsu-text-inner *{color: rgba(255,255,255,1) ;}.tatsu-H1EcuT0Lq.tatsu-text-block-wrap .tatsu-text-inner *{font-family : \"Aladin\",-apple-system,BlinkMacSystemFont,'Segoe UI',Roboto,Oxygen-Sans,Ubuntu,Cantarell,'Helvetica Neue',sans-serif;font-weight : 400;font-size : 69px;}<\/style>\n<p style=\"text-align: center;\">EXPERIENCES<\/p>\n<\/div><\/div><\/div><\/div><div class = \"tatsu-column-bg-image-wrap\"><div class = \"tatsu-column-bg-image\" ><\/div><\/div><\/div><style>.tatsu-row > .tatsu-SkWOsJaRI9.tatsu-column{width: 100%;}.tatsu-SkWOsJaRI9.tatsu-column > .tatsu-column-inner > .tatsu-column-overlay{mix-blend-mode: none;}.tatsu-SkWOsJaRI9 > .tatsu-column-inner > .tatsu-top-divider{z-index: 9999;}.tatsu-SkWOsJaRI9 > .tatsu-column-inner > .tatsu-bottom-divider{z-index: 9999;}.tatsu-SkWOsJaRI9 > .tatsu-column-inner > .tatsu-left-divider{z-index: 9999;}.tatsu-SkWOsJaRI9 > .tatsu-column-inner > .tatsu-right-divider{z-index: 9999;}<\/style><\/div><\/div><\/div><\/div><div class=\"tatsu-section-background-wrap\"><div class = \"tatsu-section-background\" ><\/div><\/div><div class=\"tatsu-overlay tatsu-section-overlay\"><\/div><style>.tatsu-BJujkTALq.tatsu-section{background-color: rgba(0,0,0,1);}.tatsu-BJujkTALq .tatsu-section-background{background-image: url(https:\/\/mouffetardsaigon.fr\/wp-content\/uploads\/2022\/05\/bo-bun-vietnamien-au-boeuf-saute-a3ba3888.webp);background-repeat: repeat;background-attachment: scroll;background-position: center center;background-size: cover;}.tatsu-BJujkTALq .tatsu-bg-blur{background-repeat: repeat;background-attachment: scroll;background-position: center center;background-size: cover;}.tatsu-BJujkTALq{border-width: 0px 0px px 0px;border-style: solid;}.tatsu-BJujkTALq .tatsu-section-pad{padding: 90px 0% 90px 0%;}.tatsu-BJujkTALq > .tatsu-bottom-divider{z-index: 9999;}.tatsu-BJujkTALq > .tatsu-top-divider{z-index: 9999;}.tatsu-BJujkTALq .tatsu-section-overlay{background: rgba(155,155,155,1);mix-blend-mode: multiply;}<\/style><\/div><div  class=\"tatsu-ryzgoaR8c tatsu-section    tatsu-clearfix\" data-title=\"\"  data-headerscheme=\"background--dark\"><div class='tatsu-section-pad clearfix' data-padding='{\"d\":\"0px 0px 0px 0px \"}' data-padding-top='0px'><div class=\"tatsu-row-wrap  tatsu-row-full-width tatsu-row-has-three-cols tatsu-zero-margin tatsu-no-gutter tatsu-eq-cols  tatsu-clearfix tatsu-HyefeoTC85\" ><div  class=\"tatsu-row \" ><div  class=\"tatsu-column  tatsu-bg-overlay tatsu-one-third tatsu-column-align-middle tatsu-column-image-none tatsu-column-effect-none  tatsu-Sk-flsa0Uq\"  data-parallax-speed=\"0\" style=\"\"><div class=\"tatsu-column-inner \" ><div class=\"tatsu-column-pad-wrap\"><div class=\"tatsu-column-pad\" ><div  class=\"tatsu-module tatsu-text-block-wrap tatsu-By7Mxi6C85  \"><div class=\"tatsu-text-inner tatsu-align-center tatsu-animate clearfix\" data-animation=\"fadeInUp\"  ><style>.tatsu-By7Mxi6C85.tatsu-text-block-wrap .tatsu-text-inner{width: 100%;text-align: center;color: rgba(255,255,255,1) ;}.tatsu-By7Mxi6C85 .tatsu-text-inner *{color: rgba(255,255,255,1) ;}.tatsu-By7Mxi6C85.tatsu-text-block-wrap .tatsu-text-inner *{font-family : \"Aladin\",-apple-system,BlinkMacSystemFont,'Segoe UI',Roboto,Oxygen-Sans,Ubuntu,Cantarell,'Helvetica Neue',sans-serif;font-size : 20px;}<\/style>\n<h6 style=\"text-align: center;\">TRAVERS DE PORC<\/h6>\n<p style=\"text-align: center;\">Ces travers de porc croustillant et g\u00e9n\u00e9reusement assaisonn\u00e9s vous laisseront sans voix. N\u2019ayez pas peur d\u2019y aller avec les mains, ce plat est \u00e0 s\u2019en l\u00e9cher les doigts!<\/p>\n<\/div><\/div><\/div><\/div><div class = \"tatsu-column-bg-image-wrap\"><div class = \"tatsu-column-bg-image\" ><\/div><\/div><div class=\"tatsu-overlay tatsu-column-overlay tatsu-animate-none\" ><\/div><\/div><style>.tatsu-row > .tatsu-Sk-flsa0Uq.tatsu-column{width: 33.33%;}.tatsu-Sk-flsa0Uq.tatsu-column > .tatsu-column-inner > .tatsu-column-bg-image-wrap > .tatsu-column-bg-image{background-image: url(https:\/\/mouffetardsaigon.fr\/wp-content\/uploads\/2022\/05\/travers_porc_sel_poivre-scaled.jpg);background-repeat: no-repeat;background-attachment: scroll;background-position: top right;background-size: cover;}.tatsu-Sk-flsa0Uq.tatsu-column > .tatsu-column-inner > .tatsu-bg-blur{background-repeat: no-repeat;background-attachment: scroll;background-position: top right;background-size: cover;}.tatsu-Sk-flsa0Uq.tatsu-column > .tatsu-column-inner > .tatsu-column-pad-wrap > .tatsu-column-pad{padding: 15% 10% 15% 10%;}.tatsu-Sk-flsa0Uq.tatsu-column > .tatsu-column-inner > .tatsu-column-overlay{background: rgba(155,155,155,1);mix-blend-mode: multiply;}.tatsu-Sk-flsa0Uq > .tatsu-column-inner > .tatsu-top-divider{z-index: 9999;}.tatsu-Sk-flsa0Uq > .tatsu-column-inner > .tatsu-bottom-divider{z-index: 9999;}.tatsu-Sk-flsa0Uq > .tatsu-column-inner > .tatsu-left-divider{z-index: 9999;}.tatsu-Sk-flsa0Uq > .tatsu-column-inner > .tatsu-right-divider{z-index: 9999;}@media only screen and (max-width: 767px) {.tatsu-row > .tatsu-Sk-flsa0Uq.tatsu-column{width: 100%;}}<\/style><\/div><div  class=\"tatsu-column  tatsu-bg-overlay tatsu-one-third tatsu-column-align-middle tatsu-column-image-none tatsu-column-effect-none tatsu-prevent-overflow  tatsu-H1NGgoa0U5\"  data-parallax-speed=\"0\" style=\"\"><div class=\"tatsu-column-inner  tatsu-column-sticky\" ><div class=\"tatsu-column-pad-wrap\"><div class=\"tatsu-column-pad\" ><div  class=\"tatsu-module tatsu-text-block-wrap tatsu-By8Mlj6CL9  \"><div class=\"tatsu-text-inner tatsu-align-center tatsu-animate clearfix\" data-animation=\"fadeInUp\"  ><style>.tatsu-By8Mlj6CL9.tatsu-text-block-wrap .tatsu-text-inner{text-align: left;color: rgba(255,255,255,1) ;}.tatsu-By8Mlj6CL9 .tatsu-text-inner *{color: rgba(255,255,255,1) ;}.tatsu-By8Mlj6CL9.tatsu-text-block-wrap .tatsu-text-inner *{font-family : \"Aladin\",-apple-system,BlinkMacSystemFont,'Segoe UI',Roboto,Oxygen-Sans,Ubuntu,Cantarell,'Helvetica Neue',sans-serif;text-transform : none;font-size : 20px;}<\/style>\n<h6 style=\"text-align: center;\">L\u2019ASSIETTE DU CHEF<\/h6>\n<p style=\"text-align: center;\">Laissez-vous tenter par cet assortiment de bouch\u00e9es traditionnelles. Accompagn\u00e9es d\u2019une salade de cacahu\u00e8tes, cette mise en bouche vous craquera sous la dent!<\/p>\n<\/div><\/div><\/div><\/div><div class = \"tatsu-column-bg-image-wrap\"><div class = \"tatsu-column-bg-image\" ><\/div><\/div><div class=\"tatsu-overlay tatsu-column-overlay tatsu-animate-none\" ><\/div><\/div><style>.tatsu-row > .tatsu-H1NGgoa0U5.tatsu-column{width: 33.33%;}.tatsu-H1NGgoa0U5.tatsu-column > .tatsu-column-inner{background-color: #fdfdfd;}.tatsu-H1NGgoa0U5.tatsu-column > .tatsu-column-inner > .tatsu-column-bg-image-wrap > .tatsu-column-bg-image{background-image: url(https:\/\/mouffetardsaigon.fr\/wp-content\/uploads\/2022\/05\/assiette_du_chef-scaled.jpg);background-repeat: repeat;background-attachment: scroll;background-position: top left;background-size: cover;}.tatsu-H1NGgoa0U5.tatsu-column > .tatsu-column-inner > .tatsu-bg-blur{background-repeat: repeat;background-attachment: scroll;background-position: top left;background-size: cover;}.tatsu-H1NGgoa0U5.tatsu-column > .tatsu-column-inner > .tatsu-column-pad-wrap > .tatsu-column-pad{padding: 15% 10% 15% 10%;}.tatsu-H1NGgoa0U5.tatsu-column > .tatsu-column-inner > .tatsu-column-overlay{background: rgba(155,155,155,1);mix-blend-mode: multiply;}.tatsu-H1NGgoa0U5 > .tatsu-column-inner > .tatsu-top-divider{z-index: 9999;}.tatsu-H1NGgoa0U5 > .tatsu-column-inner > .tatsu-bottom-divider{z-index: 9999;}.tatsu-H1NGgoa0U5 > .tatsu-column-inner > .tatsu-left-divider{z-index: 9999;}.tatsu-H1NGgoa0U5 > .tatsu-column-inner > .tatsu-right-divider{z-index: 9999;}@media only screen and (max-width: 767px) {.tatsu-row > .tatsu-H1NGgoa0U5.tatsu-column{width: 100%;}}<\/style><\/div><div  class=\"tatsu-column  tatsu-bg-overlay tatsu-one-third tatsu-column-align-middle tatsu-column-image-none tatsu-column-effect-none  tatsu-HkPGxspCL5\"  data-parallax-speed=\"0\" style=\"\"><div class=\"tatsu-column-inner \" ><div class=\"tatsu-column-pad-wrap\"><div class=\"tatsu-column-pad\" ><div  class=\"tatsu-module tatsu-text-block-wrap tatsu-HJKzeiTRLc  \"><div class=\"tatsu-text-inner tatsu-align-center tatsu-animate clearfix\" data-animation=\"fadeInUp\"  ><style>.tatsu-HJKzeiTRLc.tatsu-text-block-wrap .tatsu-text-inner{text-align: left;color: rgba(255,255,255,1) ;}.tatsu-HJKzeiTRLc .tatsu-text-inner *{color: rgba(255,255,255,1) ;}.tatsu-HJKzeiTRLc.tatsu-text-block-wrap .tatsu-text-inner *{font-family : \"Aladin\",-apple-system,BlinkMacSystemFont,'Segoe UI',Roboto,Oxygen-Sans,Ubuntu,Cantarell,'Helvetica Neue',sans-serif;text-transform : none;font-size : 20px;}<\/style>\n<h6 style=\"text-align: center;\">CANARD A L\u2019ORANGE<\/h6>\n<p style=\"text-align: center;\">Le canard \u00e0 l\u2019orange de Mme Nguyen allie le meilleur des deux mondes: le raffinement \u00e0 la Fran\u00e7aise et les saveurs venues tout droit du Vietnam. Red\u00e9couvrez ce plat traditionnel sous un nouveau jour!<\/p>\n<\/div><\/div><\/div><\/div><div class = \"tatsu-column-bg-image-wrap\"><div class = \"tatsu-column-bg-image\" ><\/div><\/div><div class=\"tatsu-overlay tatsu-column-overlay tatsu-animate-none\" ><\/div><\/div><style>.tatsu-row > .tatsu-HkPGxspCL5.tatsu-column{width: 33.33%;}.tatsu-HkPGxspCL5.tatsu-column > .tatsu-column-inner{background-color: #f6f6f6;}.tatsu-HkPGxspCL5.tatsu-column > .tatsu-column-inner > .tatsu-column-bg-image-wrap > .tatsu-column-bg-image{background-image: url(https:\/\/mouffetardsaigon.fr\/wp-content\/uploads\/2022\/05\/canard_orange-scaled.jpg);background-repeat: repeat;background-attachment: scroll;background-position: top left;background-size: cover;}.tatsu-HkPGxspCL5.tatsu-column > .tatsu-column-inner > .tatsu-bg-blur{background-repeat: repeat;background-attachment: scroll;background-position: top left;background-size: cover;}.tatsu-HkPGxspCL5.tatsu-column > .tatsu-column-inner > .tatsu-column-pad-wrap > .tatsu-column-pad{padding: 15% 10% 15% 10%;}.tatsu-HkPGxspCL5.tatsu-column > .tatsu-column-inner > .tatsu-column-overlay{background: rgba(155,155,155,1);mix-blend-mode: multiply;}.tatsu-HkPGxspCL5 > .tatsu-column-inner > .tatsu-top-divider{z-index: 9999;}.tatsu-HkPGxspCL5 > .tatsu-column-inner > .tatsu-bottom-divider{z-index: 9999;}.tatsu-HkPGxspCL5 > .tatsu-column-inner > .tatsu-left-divider{z-index: 9999;}.tatsu-HkPGxspCL5 > .tatsu-column-inner > .tatsu-right-divider{z-index: 9999;}@media only screen and (max-width: 767px) {.tatsu-row > .tatsu-HkPGxspCL5.tatsu-column{width: 100%;}}<\/style><\/div><\/div><\/div><\/div><div class=\"tatsu-section-background-wrap\"><div class = \"tatsu-section-background\" ><\/div><\/div><style>.tatsu-ryzgoaR8c{border-width: 0px 0px px 0px;border-style: solid;}.tatsu-ryzgoaR8c > .tatsu-bottom-divider{z-index: 9999;}.tatsu-ryzgoaR8c > .tatsu-top-divider{z-index: 9999;}<\/style><\/div><div  class=\"tatsu-By3ktekP5 tatsu-section    tatsu-clearfix\" data-title=\"\"  data-headerscheme=\"background--dark\"><div class='tatsu-section-pad clearfix' data-padding='{\"d\":\"0px 0px 0px 0px \"}' data-padding-top='0px'><div class=\"tatsu-row-wrap  tatsu-row-full-width tatsu-row-has-one-half tatsu-row-has-two-cols tatsu-no-gutter tatsu-eq-cols  tatsu-clearfix tatsu-r1ln1KgkPq\" ><div  class=\"tatsu-row \" ><div  class=\"tatsu-column  tatsu-one-half tatsu-column-align-middle tatsu-column-image-none tatsu-column-effect-none  tatsu-rk-nyKxkv9\"  data-parallax-speed=\"0\" style=\"\"><div class=\"tatsu-column-inner \" ><div class=\"tatsu-column-pad-wrap\"><div class=\"tatsu-column-pad\" ><div  class=\"tatsu-module tatsu-inline-text clearfix tatsu-Skz31Ye1D9   \" ><style>.tatsu-Skz31Ye1D9 .tatsu-inline-text-inner{width: 100%;text-align: left;}<\/style><div class=\"tatsu-inline-text-inner tatsu-align-center\">\n<h4><span style=\"vertical-align: inherit;\"><span style=\"vertical-align: inherit;\">Nous contacter<\/span><\/span><\/h4>\n<p><span style=\"vertical-align: inherit;\"><span style=\"vertical-align: inherit;\">Adresse : 85 Rue du Cardinal Lemoine, 75005, Paris, France<br \/>Mail : contact@mouffetardsaigon.fr <\/span><\/span><br \/><span style=\"vertical-align: inherit;\"><span style=\"vertical-align: inherit;\">T&eacute;l : +33 1 46 34 50 82<\/span><\/span><\/p>\n<\/div><\/div><\/div><\/div><div class = \"tatsu-column-bg-image-wrap\"><div class = \"tatsu-column-bg-image\" ><\/div><\/div><\/div><style>.tatsu-row > .tatsu-rk-nyKxkv9.tatsu-column{width: 50%;}.tatsu-rk-nyKxkv9.tatsu-column > .tatsu-column-inner{background-color: rgba(255,255,255,1);}.tatsu-rk-nyKxkv9.tatsu-column > .tatsu-column-inner > .tatsu-column-pad-wrap > .tatsu-column-pad{padding: 90px 10% 90px 20% ;}.tatsu-rk-nyKxkv9.tatsu-column > .tatsu-column-inner > .tatsu-column-overlay{mix-blend-mode: none;}.tatsu-rk-nyKxkv9 > .tatsu-column-inner > .tatsu-top-divider{z-index: 9999;}.tatsu-rk-nyKxkv9 > .tatsu-column-inner > .tatsu-bottom-divider{z-index: 9999;}.tatsu-rk-nyKxkv9 > .tatsu-column-inner > .tatsu-left-divider{z-index: 9999;}.tatsu-rk-nyKxkv9 > .tatsu-column-inner > .tatsu-right-divider{z-index: 9999;}@media only screen and (max-width: 767px) {.tatsu-row > .tatsu-rk-nyKxkv9.tatsu-column{width: 100%;}}<\/style><\/div><div  class=\"tatsu-column  tatsu-one-half tatsu-column-align-middle tatsu-column-image-none tatsu-column-effect-none  tatsu-BkNhJYekvc\"  data-parallax-speed=\"0\" style=\"\"><div class=\"tatsu-column-inner \" ><div class=\"tatsu-column-pad-wrap\"><div class=\"tatsu-column-pad\" ><div  class=\"tatsu-single-image tatsu-module tatsu-image-lazyload tatsu-external-image tatsu-H1_O9gywc  \" ><div class=\"tatsu-single-image-inner \" style=\"\" ><div class = \"tatsu-single-image-padding-wrap\" style = \"\" ><\/div><img class = \"tatsu-gradient-border\" data-src = \"\" alt =\" \"  src =\"data:image\/png;base64,iVBORw0KGgoAAAANSUhEUgAAAAEAAAABCAQAAAC1HAwCAAAAC0lEQVR42mNkYAAAAAYAAjCB0C8AAAAASUVORK5CYII=\"  \/><\/div><style>.tatsu-H1_O9gywc .tatsu-single-image-inner{border-style: solid;max-width: 100%;}.tatsu-H1_O9gywc.tatsu-single-image{transform: translate3d(0px,0px, 0);}<\/style><\/div><\/div><\/div><div class = \"tatsu-column-bg-image-wrap\"><div class = \"tatsu-column-bg-image\" ><\/div><\/div><\/div><style>.tatsu-row > .tatsu-BkNhJYekvc.tatsu-column{width: 50%;}.tatsu-BkNhJYekvc.tatsu-column > .tatsu-column-inner > .tatsu-column-bg-image-wrap > .tatsu-column-bg-image{background-image: url(https:\/\/mouffetardsaigon.fr\/wp-content\/uploads\/2022\/05\/titreRestaurant.png);background-repeat: no-repeat;background-attachment: scroll;background-position: center center;background-size: initial;}.tatsu-BkNhJYekvc.tatsu-column > .tatsu-column-inner > .tatsu-bg-blur{background-repeat: no-repeat;background-attachment: scroll;background-position: center center;background-size: initial;}.tatsu-BkNhJYekvc.tatsu-column > .tatsu-column-inner > .tatsu-column-overlay{mix-blend-mode: none;}.tatsu-BkNhJYekvc > .tatsu-column-inner > .tatsu-top-divider{z-index: 9999;}.tatsu-BkNhJYekvc > .tatsu-column-inner > .tatsu-bottom-divider{z-index: 9999;}.tatsu-BkNhJYekvc > .tatsu-column-inner > .tatsu-left-divider{z-index: 9999;}.tatsu-BkNhJYekvc > .tatsu-column-inner > .tatsu-right-divider{z-index: 9999;}@media only screen and (max-width: 767px) {.tatsu-row > .tatsu-BkNhJYekvc.tatsu-column{width: 100%;}}<\/style><\/div><\/div><\/div><\/div><div class=\"tatsu-section-background-wrap\"><div class = \"tatsu-section-background\" ><\/div><\/div><style>.tatsu-By3ktekP5 > .tatsu-bottom-divider{z-index: 9999;}.tatsu-By3ktekP5 > .tatsu-top-divider{z-index: 9999;}<\/style><\/div>\n","protected":false},"excerpt":{"rendered":"<p><a href=\"https:\/\/mouffetardsaigon.fr\/\" class=\"more-link style1-button\">Read More<\/a><\/p>","protected":false},"author":1,"featured_media":0,"parent":0,"menu_order":0,"comment_status":"closed","ping_status":"closed","template":"","meta":{"footnotes":""},"class_list":["post-2","page","type-page","status-publish","hentry"],"_links":{"self":[{"href":"https:\/\/mouffetardsaigon.fr\/index.php\/wp-json\/wp\/v2\/pages\/2","targetHints":{"allow":["GET"]}}],"collection":[{"href":"https:\/\/mouffetardsaigon.fr\/index.php\/wp-json\/wp\/v2\/pages"}],"about":[{"href":"https:\/\/mouffetardsaigon.fr\/index.php\/wp-json\/wp\/v2\/types\/page"}],"author":[{"embeddable":true,"href":"https:\/\/mouffetardsaigon.fr\/index.php\/wp-json\/wp\/v2\/users\/1"}],"replies":[{"embeddable":true,"href":"https:\/\/mouffetardsaigon.fr\/index.php\/wp-json\/wp\/v2\/comments?post=2"}],"version-history":[{"count":8,"href":"https:\/\/mouffetardsaigon.fr\/index.php\/wp-json\/wp\/v2\/pages\/2\/revisions"}],"predecessor-version":[{"id":40,"href":"https:\/\/mouffetardsaigon.fr\/index.php\/wp-json\/wp\/v2\/pages\/2\/revisions\/40"}],"wp:attachment":[{"href":"https:\/\/mouffetardsaigon.fr\/index.php\/wp-json\/wp\/v2\/media?parent=2"}],"curies":[{"name":"wp","href":"https:\/\/api.w.org\/{rel}","templated":true}]}}